{"id":21,"date":"2021-08-26T08:13:50","date_gmt":"2021-08-26T08:13:50","guid":{"rendered":"https:\/\/eszlari.com.objective-haslett.35-246-139-25.plesk.page\/?page_id=21"},"modified":"2023-01-05T16:48:29","modified_gmt":"2023-01-05T16:48:29","slug":"blog","status":"publish","type":"page","link":"https:\/\/eszlari.hu\/new\/blog\/","title":{"rendered":"Blog"},"content":{"rendered":"\t\t<div data-elementor-type=\"wp-page\" data-elementor-id=\"21\" class=\"elementor elementor-21\">\n\t\t\t\t\t\t<div class=\"elementor-inner\">\n\t\t\t\t<div class=\"elementor-section-wrap\">\n\t\t\t\t\t\t\t\t\t<section class=\"elementor-section elementor-top-section elementor-element elementor-element-b5b0ef2 elementor-section-full_width elementor-section-height-default elementor-section-height-default\" data-id=\"b5b0ef2\" data-element_type=\"section\" data-settings=\"{&quot;background_background&quot;:&quot;classic&quot;}\" data-e-bg-lazyload=\".elementor-background-overlay\">\n\t\t\t\t\t\t\t<div class=\"elementor-background-overlay\"><\/div>\n\t\t\t\t\t\t\t<div class=\"elementor-container elementor-column-gap-no\">\n\t\t\t\t\t\t\t<div class=\"elementor-row\">\n\t\t\t\t\t<div class=\"elementor-column elementor-col-100 elementor-top-column elementor-element elementor-element-cfecadb\" data-id=\"cfecadb\" data-element_type=\"column\">\n\t\t\t<div class=\"elementor-column-wrap elementor-element-populated\">\n\t\t\t\t\t\t\t<div class=\"elementor-widget-wrap\">\n\t\t\t\t\t\t<section class=\"elementor-section elementor-inner-section elementor-element elementor-element-afdebcf elementor-section-boxed elementor-section-height-default elementor-section-height-default\" data-id=\"afdebcf\" data-element_type=\"section\">\n\t\t\t\t\t\t<div class=\"elementor-container elementor-column-gap-default\">\n\t\t\t\t\t\t\t<div class=\"elementor-row\">\n\t\t\t\t\t<div class=\"elementor-column elementor-col-50 elementor-inner-column elementor-element elementor-element-ae95aa3\" data-id=\"ae95aa3\" data-element_type=\"column\">\n\t\t\t<div class=\"elementor-column-wrap elementor-element-populated\">\n\t\t\t\t\t\t\t<div class=\"elementor-widget-wrap\">\n\t\t\t\t\t\t<div class=\"elementor-element elementor-element-9463eb3 elementor-widget elementor-widget-text-editor\" data-id=\"9463eb3\" data-element_type=\"widget\" data-widget_type=\"text-editor.default\">\n\t\t\t\t<div class=\"elementor-widget-container\">\n\t\t\t<style>\/*! elementor - v3.10.0 - 09-01-2023 *\/\n.elementor-widget-text-editor.elementor-drop-cap-view-stacked .elementor-drop-cap{background-color:#818a91;color:#fff}.elementor-widget-text-editor.elementor-drop-cap-view-framed .elementor-drop-cap{color:#818a91;border:3px solid;background-color:transparent}.elementor-widget-text-editor:not(.elementor-drop-cap-view-default) .elementor-drop-cap{margin-top:8px}.elementor-widget-text-editor:not(.elementor-drop-cap-view-default) .elementor-drop-cap-letter{width:1em;height:1em}.elementor-widget-text-editor .elementor-drop-cap{float:left;text-align:center;line-height:1;font-size:50px}.elementor-widget-text-editor .elementor-drop-cap-letter{display:inline-block}<\/style>\t\t\t\t\t<div class=\"elementor-text-editor elementor-clearfix\">\n\t\t\t\t<p>Olvasson a legaktu\u00e1lisabb \u00fczleti trendekr\u0151l, v\u00e1llalat- \u00e9s vezet\u0151fejleszt\u00e9si m\u00f3dszerekr\u0151l.\u00a0<\/p>\t\t\t\t\t<\/div>\n\t\t\t\t\t\t<\/div>\n\t\t\t\t<\/div>\n\t\t\t\t\t\t<\/div>\n\t\t\t\t\t<\/div>\n\t\t<\/div>\n\t\t\t\t<div class=\"elementor-column elementor-col-50 elementor-inner-column elementor-element elementor-element-7a01eda\" data-id=\"7a01eda\" data-element_type=\"column\">\n\t\t\t<div class=\"elementor-column-wrap elementor-element-populated\">\n\t\t\t\t\t\t\t<div class=\"elementor-widget-wrap\">\n\t\t\t\t\t\t<div class=\"elementor-element elementor-element-c0b7aae elementor-invisible elementor-widget elementor-widget-image\" data-id=\"c0b7aae\" data-element_type=\"widget\" data-settings=\"{&quot;_animation&quot;:&quot;slideInRight&quot;}\" data-widget_type=\"image.default\">\n\t\t\t\t<div class=\"elementor-widget-container\">\n\t\t\t<style>\/*! elementor - v3.10.0 - 09-01-2023 *\/\n.elementor-widget-image{text-align:center}.elementor-widget-image a{display:inline-block}.elementor-widget-image a img[src$=\".svg\"]{width:48px}.elementor-widget-image img{vertical-align:middle;display:inline-block}<\/style>\t\t\t\t\t<div class=\"elementor-image\">\n\t\t\t\t\t\t\t\t\t\t\t\t<img loading=\"lazy\" decoding=\"async\" width=\"1200\" height=\"800\" src=\"https:\/\/eszlari.hu\/new\/wp-content\/uploads\/2023\/01\/blog.jpeg\" class=\"attachment-full size-full wp-image-1662\" alt=\"\" srcset=\"https:\/\/eszlari.hu\/new\/wp-content\/uploads\/2023\/01\/blog.jpeg 1200w, https:\/\/eszlari.hu\/new\/wp-content\/uploads\/2023\/01\/blog-300x200.jpeg 300w, https:\/\/eszlari.hu\/new\/wp-content\/uploads\/2023\/01\/blog-1024x683.jpeg 1024w, https:\/\/eszlari.hu\/new\/wp-content\/uploads\/2023\/01\/blog-768x512.jpeg 768w\" sizes=\"auto, (max-width: 1200px) 100vw, 1200px\" \/>\t\t\t\t\t\t\t\t\t\t\t\t\t\t<\/div>\n\t\t\t\t\t\t<\/div>\n\t\t\t\t<\/div>\n\t\t\t\t\t\t<\/div>\n\t\t\t\t\t<\/div>\n\t\t<\/div>\n\t\t\t\t\t\t\t\t<\/div>\n\t\t\t\t\t<\/div>\n\t\t<\/section>\n\t\t\t\t\t\t<\/div>\n\t\t\t\t\t<\/div>\n\t\t<\/div>\n\t\t\t\t\t\t\t\t<\/div>\n\t\t\t\t\t<\/div>\n\t\t<\/section>\n\t\t\t\t<section class=\"elementor-section elementor-top-section elementor-element elementor-element-dbe4ce5 elementor-section-boxed elementor-section-height-default elementor-section-height-default\" data-id=\"dbe4ce5\" data-element_type=\"section\">\n\t\t\t\t\t\t<div class=\"elementor-container elementor-column-gap-default\">\n\t\t\t\t\t\t\t<div class=\"elementor-row\">\n\t\t\t\t\t<div class=\"elementor-column elementor-col-100 elementor-top-column elementor-element elementor-element-ac7dc05\" data-id=\"ac7dc05\" data-element_type=\"column\">\n\t\t\t<div class=\"elementor-column-wrap elementor-element-populated\">\n\t\t\t\t\t\t\t<div class=\"elementor-widget-wrap\">\n\t\t\t\t\t\t<div class=\"elementor-element elementor-element-b6df903 elementor-posts--align-left elementor-grid-3 elementor-grid-tablet-2 elementor-grid-mobile-1 elementor-posts--thumbnail-top elementor-widget elementor-widget-posts\" data-id=\"b6df903\" data-element_type=\"widget\" data-settings=\"{&quot;classic_masonry&quot;:&quot;yes&quot;,&quot;pagination_type&quot;:&quot;numbers&quot;,&quot;classic_columns&quot;:&quot;3&quot;,&quot;classic_columns_tablet&quot;:&quot;2&quot;,&quot;classic_columns_mobile&quot;:&quot;1&quot;,&quot;classic_row_gap&quot;:{&quot;unit&quot;:&quot;px&quot;,&quot;size&quot;:35,&quot;sizes&quot;:[]},&quot;classic_row_gap_tablet&quot;:{&quot;unit&quot;:&quot;px&quot;,&quot;size&quot;:&quot;&quot;,&quot;sizes&quot;:[]},&quot;classic_row_gap_mobile&quot;:{&quot;unit&quot;:&quot;px&quot;,&quot;size&quot;:&quot;&quot;,&quot;sizes&quot;:[]}}\" data-widget_type=\"posts.classic\">\n\t\t\t\t<div class=\"elementor-widget-container\">\n\t\t\t<link rel=\"stylesheet\" href=\"https:\/\/eszlari.hu\/new\/wp-content\/plugins\/elementor-pro\/assets\/css\/widget-posts.min.css\">\t\t<div class=\"elementor-posts-container elementor-posts elementor-posts--skin-classic elementor-grid\">\n\t\t\t\t<article class=\"elementor-post elementor-grid-item post-1343 post type-post status-publish format-standard has-post-thumbnail hentry category-vallalati-konzultacio\">\n\t\t\t\t<a class=\"elementor-post__thumbnail__link\" href=\"https:\/\/eszlari.hu\/new\/7-inspiralo-vezetoi-es-uzleti-konzultacios-sikersztori\/\" >\n\t\t\t<div class=\"elementor-post__thumbnail\"><img loading=\"lazy\" decoding=\"async\" width=\"768\" height=\"432\" src=\"https:\/\/eszlari.hu\/new\/wp-content\/uploads\/2022\/12\/7-inspiralo-executive-es-business-coaching-sikersztori-768x432.jpg\" class=\"attachment-medium_large size-medium_large wp-image-1379\" alt=\"\" srcset=\"https:\/\/eszlari.hu\/new\/wp-content\/uploads\/2022\/12\/7-inspiralo-executive-es-business-coaching-sikersztori-768x432.jpg 768w, https:\/\/eszlari.hu\/new\/wp-content\/uploads\/2022\/12\/7-inspiralo-executive-es-business-coaching-sikersztori-300x169.jpg 300w, https:\/\/eszlari.hu\/new\/wp-content\/uploads\/2022\/12\/7-inspiralo-executive-es-business-coaching-sikersztori-1024x576.jpg 1024w, https:\/\/eszlari.hu\/new\/wp-content\/uploads\/2022\/12\/7-inspiralo-executive-es-business-coaching-sikersztori.jpg 1365w\" sizes=\"auto, (max-width: 768px) 100vw, 768px\" \/><\/div>\n\t\t<\/a>\n\t\t\t\t<div class=\"elementor-post__text\">\n\t\t\t\t<h3 class=\"elementor-post__title\">\n\t\t\t<a href=\"https:\/\/eszlari.hu\/new\/7-inspiralo-vezetoi-es-uzleti-konzultacios-sikersztori\/\" >\n\t\t\t\t7 inspir\u00e1l\u00f3 vezet\u0151i \u00e9s \u00fczleti konzult\u00e1ci\u00f3s sikersztori\t\t\t<\/a>\n\t\t<\/h3>\n\t\t\t\t<div class=\"elementor-post__meta-data\">\n\t\t\t\t\t<span class=\"elementor-post-date\">\n\t\t\tJanuary 11, 2023\t\t<\/span>\n\t\t\t\t<\/div>\n\t\t\t\t<div class=\"elementor-post__excerpt\">\n\t\t\t<p>Az vezet\u0151i \u00e9s \u00fczleti konzult\u00e1ci\u00f3s \u00fcl\u00e9sek sor\u00e1n sz\u00e1mos sikersztorit l\u00e1ttam. Mindig \u00f6r\u00f6mmel t\u00f6lt el, amikor az \u00fcgyfeleim a saj\u00e1t erej\u00fckb\u0151l l\u00e9pik meg a hi\u00e1nyz\u00f3 l\u00e9p\u00e9st,<\/p>\n\t\t<\/div>\n\t\t\n\t\t<a class=\"elementor-post__read-more\" href=\"https:\/\/eszlari.hu\/new\/7-inspiralo-vezetoi-es-uzleti-konzultacios-sikersztori\/\" >\n\t\t\tTov\u00e1bbolvasok \u00bb\t\t<\/a>\n\n\t\t\t\t<\/div>\n\t\t\t\t<\/article>\n\t\t\t\t<article class=\"elementor-post elementor-grid-item post-1338 post type-post status-publish format-standard has-post-thumbnail hentry category-vallalati-konzultacio\">\n\t\t\t\t<a class=\"elementor-post__thumbnail__link\" href=\"https:\/\/eszlari.hu\/new\/mit-nyujthat-onnek-mint-cegvezetonek-az-uzleti-konzultacio\/\" >\n\t\t\t<div class=\"elementor-post__thumbnail\"><img loading=\"lazy\" decoding=\"async\" width=\"768\" height=\"409\" src=\"https:\/\/eszlari.hu\/new\/wp-content\/uploads\/2022\/12\/Mit-nyujthat-Onnek-mint-cegvezetonek-a-business-coaching_-768x409.jpg\" class=\"attachment-medium_large size-medium_large wp-image-1381\" alt=\"\" srcset=\"https:\/\/eszlari.hu\/new\/wp-content\/uploads\/2022\/12\/Mit-nyujthat-Onnek-mint-cegvezetonek-a-business-coaching_-768x409.jpg 768w, https:\/\/eszlari.hu\/new\/wp-content\/uploads\/2022\/12\/Mit-nyujthat-Onnek-mint-cegvezetonek-a-business-coaching_-300x160.jpg 300w, https:\/\/eszlari.hu\/new\/wp-content\/uploads\/2022\/12\/Mit-nyujthat-Onnek-mint-cegvezetonek-a-business-coaching_-1024x545.jpg 1024w, https:\/\/eszlari.hu\/new\/wp-content\/uploads\/2022\/12\/Mit-nyujthat-Onnek-mint-cegvezetonek-a-business-coaching_.jpg 1404w\" sizes=\"auto, (max-width: 768px) 100vw, 768px\" \/><\/div>\n\t\t<\/a>\n\t\t\t\t<div class=\"elementor-post__text\">\n\t\t\t\t<h3 class=\"elementor-post__title\">\n\t\t\t<a href=\"https:\/\/eszlari.hu\/new\/mit-nyujthat-onnek-mint-cegvezetonek-az-uzleti-konzultacio\/\" >\n\t\t\t\tMit ny\u00fajthat \u00d6nnek mint c\u00e9gvezet\u0151nek az \u00fczleti konzult\u00e1ci\u00f3?\t\t\t<\/a>\n\t\t<\/h3>\n\t\t\t\t<div class=\"elementor-post__meta-data\">\n\t\t\t\t\t<span class=\"elementor-post-date\">\n\t\t\tJanuary 5, 2023\t\t<\/span>\n\t\t\t\t<\/div>\n\t\t\t\t<div class=\"elementor-post__excerpt\">\n\t\t\t<p>Az \u00fczleti konzult\u00e1ci\u00f3 egy olyan folyamat, amelyben egy profi konzult\u00e1ns ir\u00e1ny\u00edtja az \u00fczletembereket, az\u00e9rt, hogy el\u00e9rj\u00e9k a kit\u0171z\u00f6tt c\u00e9ljaikat az \u00fczleti \u00e9letben. Egy \u00fczleti konzult\u00e1ci\u00f3<\/p>\n\t\t<\/div>\n\t\t\n\t\t<a class=\"elementor-post__read-more\" href=\"https:\/\/eszlari.hu\/new\/mit-nyujthat-onnek-mint-cegvezetonek-az-uzleti-konzultacio\/\" >\n\t\t\tTov\u00e1bbolvasok \u00bb\t\t<\/a>\n\n\t\t\t\t<\/div>\n\t\t\t\t<\/article>\n\t\t\t\t<article class=\"elementor-post elementor-grid-item post-1132 post type-post status-publish format-standard has-post-thumbnail hentry category-it category-produktivitas category-vallalatiranyitas\">\n\t\t\t\t<a class=\"elementor-post__thumbnail__link\" href=\"https:\/\/eszlari.hu\/new\/ervek-erp-rendszerek-mellett\/\" >\n\t\t\t<div class=\"elementor-post__thumbnail\"><img loading=\"lazy\" decoding=\"async\" width=\"768\" height=\"403\" src=\"https:\/\/eszlari.hu\/new\/wp-content\/uploads\/2021\/11\/E\u0301rvek-ERP-rendszerek-mellett-768x403.jpg\" class=\"attachment-medium_large size-medium_large wp-image-1140\" alt=\"\" srcset=\"https:\/\/eszlari.hu\/new\/wp-content\/uploads\/2021\/11\/E\u0301rvek-ERP-rendszerek-mellett-768x403.jpg 768w, https:\/\/eszlari.hu\/new\/wp-content\/uploads\/2021\/11\/E\u0301rvek-ERP-rendszerek-mellett-300x158.jpg 300w, https:\/\/eszlari.hu\/new\/wp-content\/uploads\/2021\/11\/E\u0301rvek-ERP-rendszerek-mellett-1024x538.jpg 1024w, https:\/\/eszlari.hu\/new\/wp-content\/uploads\/2021\/11\/E\u0301rvek-ERP-rendszerek-mellett.jpg 1200w\" sizes=\"auto, (max-width: 768px) 100vw, 768px\" \/><\/div>\n\t\t<\/a>\n\t\t\t\t<div class=\"elementor-post__text\">\n\t\t\t\t<h3 class=\"elementor-post__title\">\n\t\t\t<a href=\"https:\/\/eszlari.hu\/new\/ervek-erp-rendszerek-mellett\/\" >\n\t\t\t\t\u00c9rvek ERP-rendszerek mellett\t\t\t<\/a>\n\t\t<\/h3>\n\t\t\t\t<div class=\"elementor-post__meta-data\">\n\t\t\t\t\t<span class=\"elementor-post-date\">\n\t\t\tNovember 24, 2021\t\t<\/span>\n\t\t\t\t<\/div>\n\t\t\t\t<div class=\"elementor-post__excerpt\">\n\t\t\t<p>Az ERP-rendszerek (Enterprise Resource Planning) olyan \u2013 t\u00f6bb modulb\u00f3l \u2013 \u00e1ll\u00f3 szoftvercsomagok, melyek c\u00e9lja \u00e9s funkci\u00f3ja a v\u00e1llalat valamennyi r\u00e9szfolyamat\u00e1nak \u00f6sszefog\u00e1sa. Egy ilyen rendszerrel a<\/p>\n\t\t<\/div>\n\t\t\n\t\t<a class=\"elementor-post__read-more\" href=\"https:\/\/eszlari.hu\/new\/ervek-erp-rendszerek-mellett\/\" >\n\t\t\tTov\u00e1bbolvasok \u00bb\t\t<\/a>\n\n\t\t\t\t<\/div>\n\t\t\t\t<\/article>\n\t\t\t\t<article class=\"elementor-post elementor-grid-item post-1136 post type-post status-publish format-standard has-post-thumbnail hentry category-csaladi-vallalkozas\">\n\t\t\t\t<a class=\"elementor-post__thumbnail__link\" href=\"https:\/\/eszlari.hu\/new\/csaladban-marad-a-csaladi-vallalkozasok-konfliktusai\/\" >\n\t\t\t<div class=\"elementor-post__thumbnail\"><img loading=\"lazy\" decoding=\"async\" width=\"768\" height=\"403\" src=\"https:\/\/eszlari.hu\/new\/wp-content\/uploads\/2021\/11\/Csala\u0301dban-marad-\u2013-a-csala\u0301di-va\u0301llalkoza\u0301sok-konfliktusai--768x403.jpg\" class=\"attachment-medium_large size-medium_large wp-image-1141\" alt=\"\" srcset=\"https:\/\/eszlari.hu\/new\/wp-content\/uploads\/2021\/11\/Csala\u0301dban-marad-\u2013-a-csala\u0301di-va\u0301llalkoza\u0301sok-konfliktusai--768x403.jpg 768w, https:\/\/eszlari.hu\/new\/wp-content\/uploads\/2021\/11\/Csala\u0301dban-marad-\u2013-a-csala\u0301di-va\u0301llalkoza\u0301sok-konfliktusai--300x158.jpg 300w, https:\/\/eszlari.hu\/new\/wp-content\/uploads\/2021\/11\/Csala\u0301dban-marad-\u2013-a-csala\u0301di-va\u0301llalkoza\u0301sok-konfliktusai--1024x538.jpg 1024w, https:\/\/eszlari.hu\/new\/wp-content\/uploads\/2021\/11\/Csala\u0301dban-marad-\u2013-a-csala\u0301di-va\u0301llalkoza\u0301sok-konfliktusai-.jpg 1200w\" sizes=\"auto, (max-width: 768px) 100vw, 768px\" \/><\/div>\n\t\t<\/a>\n\t\t\t\t<div class=\"elementor-post__text\">\n\t\t\t\t<h3 class=\"elementor-post__title\">\n\t\t\t<a href=\"https:\/\/eszlari.hu\/new\/csaladban-marad-a-csaladi-vallalkozasok-konfliktusai\/\" >\n\t\t\t\tCsal\u00e1dban marad \u2013 a csal\u00e1di v\u00e1llalkoz\u00e1sok konfliktusai\t\t\t<\/a>\n\t\t<\/h3>\n\t\t\t\t<div class=\"elementor-post__meta-data\">\n\t\t\t\t\t<span class=\"elementor-post-date\">\n\t\t\tNovember 24, 2021\t\t<\/span>\n\t\t\t\t<\/div>\n\t\t\t\t<div class=\"elementor-post__excerpt\">\n\t\t\t<p>Ebben a bejegyz\u00e9sben a csal\u00e1di v\u00e1llalkoz\u00e1sokr\u00f3l lesz sz\u00f3. Ezen bel\u00fcl is els\u0151dlegesen arr\u00f3l, hogy egy ilyen v\u00e1llalkoz\u00e1si form\u00e1nak milyen konfliktusforr\u00e1sai vannak, \u00e9s hogy ezek kezel\u00e9se<\/p>\n\t\t<\/div>\n\t\t\n\t\t<a class=\"elementor-post__read-more\" href=\"https:\/\/eszlari.hu\/new\/csaladban-marad-a-csaladi-vallalkozasok-konfliktusai\/\" >\n\t\t\tTov\u00e1bbolvasok \u00bb\t\t<\/a>\n\n\t\t\t\t<\/div>\n\t\t\t\t<\/article>\n\t\t\t\t<article class=\"elementor-post elementor-grid-item post-1125 post type-post status-publish format-standard has-post-thumbnail hentry category-leadership category-vezetes category-vezetoi-konzultacio\">\n\t\t\t\t<a class=\"elementor-post__thumbnail__link\" href=\"https:\/\/eszlari.hu\/new\/executive-coaching-kiknek-szol\/\" >\n\t\t\t<div class=\"elementor-post__thumbnail\"><img loading=\"lazy\" decoding=\"async\" width=\"768\" height=\"403\" src=\"https:\/\/eszlari.hu\/new\/wp-content\/uploads\/2021\/11\/Executive-Coaching_-kiknek-szo\u0301l_-768x403.jpg\" class=\"attachment-medium_large size-medium_large wp-image-1138\" alt=\"\" srcset=\"https:\/\/eszlari.hu\/new\/wp-content\/uploads\/2021\/11\/Executive-Coaching_-kiknek-szo\u0301l_-768x403.jpg 768w, https:\/\/eszlari.hu\/new\/wp-content\/uploads\/2021\/11\/Executive-Coaching_-kiknek-szo\u0301l_-300x158.jpg 300w, https:\/\/eszlari.hu\/new\/wp-content\/uploads\/2021\/11\/Executive-Coaching_-kiknek-szo\u0301l_-1024x538.jpg 1024w, https:\/\/eszlari.hu\/new\/wp-content\/uploads\/2021\/11\/Executive-Coaching_-kiknek-szo\u0301l_.jpg 1200w\" sizes=\"auto, (max-width: 768px) 100vw, 768px\" \/><\/div>\n\t\t<\/a>\n\t\t\t\t<div class=\"elementor-post__text\">\n\t\t\t\t<h3 class=\"elementor-post__title\">\n\t\t\t<a href=\"https:\/\/eszlari.hu\/new\/executive-coaching-kiknek-szol\/\" >\n\t\t\t\tExecutive Coaching: kiknek sz\u00f3l?\t\t\t<\/a>\n\t\t<\/h3>\n\t\t\t\t<div class=\"elementor-post__meta-data\">\n\t\t\t\t\t<span class=\"elementor-post-date\">\n\t\t\tNovember 24, 2021\t\t<\/span>\n\t\t\t\t<\/div>\n\t\t\t\t<div class=\"elementor-post__excerpt\">\n\t\t\t<p>A coaching kifejez\u00e9s els\u0151k\u00e9nt a sportban terjed el, \u00e9s a sportol\u00f3 \u00e9s edz\u0151 k\u00f6zti egy\u00fcttm\u0171k\u00f6d\u0151 \u00e9s t\u00e1mogat\u00f3 kapcsolatra utal. Az Executive Coachingban a coachnak az<\/p>\n\t\t<\/div>\n\t\t\n\t\t<a class=\"elementor-post__read-more\" href=\"https:\/\/eszlari.hu\/new\/executive-coaching-kiknek-szol\/\" >\n\t\t\tTov\u00e1bbolvasok \u00bb\t\t<\/a>\n\n\t\t\t\t<\/div>\n\t\t\t\t<\/article>\n\t\t\t\t<article class=\"elementor-post elementor-grid-item post-1103 post type-post status-publish format-standard has-post-thumbnail hentry category-leadership category-stresszkezeles\">\n\t\t\t\t<a class=\"elementor-post__thumbnail__link\" href=\"https:\/\/eszlari.hu\/new\/kieges-avagy-burnout-mikor-kialszik-bennunk-a-lang\/\" >\n\t\t\t<div class=\"elementor-post__thumbnail\"><img loading=\"lazy\" decoding=\"async\" width=\"768\" height=\"403\" src=\"https:\/\/eszlari.hu\/new\/wp-content\/uploads\/2021\/10\/Kie\u0301ge\u0301s-avagy-burnout-Mikor-kialszik-bennu\u0308nk-a-la\u0301ng-768x403.png\" class=\"attachment-medium_large size-medium_large wp-image-1105\" alt=\"Kie\u0301ge\u0301s avagy burnout - Mikor kialszik bennu\u0308nk a la\u0301ng\" srcset=\"https:\/\/eszlari.hu\/new\/wp-content\/uploads\/2021\/10\/Kie\u0301ge\u0301s-avagy-burnout-Mikor-kialszik-bennu\u0308nk-a-la\u0301ng-768x403.png 768w, https:\/\/eszlari.hu\/new\/wp-content\/uploads\/2021\/10\/Kie\u0301ge\u0301s-avagy-burnout-Mikor-kialszik-bennu\u0308nk-a-la\u0301ng-300x158.png 300w, https:\/\/eszlari.hu\/new\/wp-content\/uploads\/2021\/10\/Kie\u0301ge\u0301s-avagy-burnout-Mikor-kialszik-bennu\u0308nk-a-la\u0301ng-1024x538.png 1024w, https:\/\/eszlari.hu\/new\/wp-content\/uploads\/2021\/10\/Kie\u0301ge\u0301s-avagy-burnout-Mikor-kialszik-bennu\u0308nk-a-la\u0301ng.png 1200w\" sizes=\"auto, (max-width: 768px) 100vw, 768px\" \/><\/div>\n\t\t<\/a>\n\t\t\t\t<div class=\"elementor-post__text\">\n\t\t\t\t<h3 class=\"elementor-post__title\">\n\t\t\t<a href=\"https:\/\/eszlari.hu\/new\/kieges-avagy-burnout-mikor-kialszik-bennunk-a-lang\/\" >\n\t\t\t\tKi\u00e9g\u00e9s avagy burnout &#8211; Mikor kialszik benn\u00fcnk a l\u00e1ng\t\t\t<\/a>\n\t\t<\/h3>\n\t\t\t\t<div class=\"elementor-post__meta-data\">\n\t\t\t\t\t<span class=\"elementor-post-date\">\n\t\t\tOctober 25, 2021\t\t<\/span>\n\t\t\t\t<\/div>\n\t\t\t\t<div class=\"elementor-post__excerpt\">\n\t\t\t<p>Kiknek lehet \u201e\u00e9get\u0151\u201d a burnout t\u00e9m\u00e1ja? Ebben a bejegyz\u00e9sben egy olyan t\u00e9m\u00e1val foglalkozom, amely (sajnos) nap mint nap el\u0151ker\u00fcl. Egy olyan t\u00e9m\u00e1val, amellyel k\u00f6zvetetten (bar\u00e1taink,<\/p>\n\t\t<\/div>\n\t\t\n\t\t<a class=\"elementor-post__read-more\" href=\"https:\/\/eszlari.hu\/new\/kieges-avagy-burnout-mikor-kialszik-bennunk-a-lang\/\" >\n\t\t\tTov\u00e1bbolvasok \u00bb\t\t<\/a>\n\n\t\t\t\t<\/div>\n\t\t\t\t<\/article>\n\t\t\t\t<\/div>\n\t\t\n\t\t\t\t<div class=\"e-load-more-anchor\" data-page=\"1\" data-max-page=\"2\" data-next-page=\"https:\/\/eszlari.hu\/new\/wp-json\/wp\/v2\/pages\/21\/page\/2\/\"><\/div>\n\t\t\t\t<nav class=\"elementor-pagination\" aria-label=\"Pagination\">\n\t\t\t<span aria-current=\"page\" class=\"page-numbers current\"><span class=\"elementor-screen-only\">Page<\/span>1<\/span>\n<a class=\"page-numbers\" href=\"https:\/\/eszlari.hu\/new\/wp-json\/wp\/v2\/pages\/21\/page\/2\/\"><span class=\"elementor-screen-only\">Page<\/span>2<\/a>\t\t<\/nav>\n\t\t\t\t<\/div>\n\t\t\t\t<\/div>\n\t\t\t\t\t\t<\/div>\n\t\t\t\t\t<\/div>\n\t\t<\/div>\n\t\t\t\t\t\t\t\t<\/div>\n\t\t\t\t\t<\/div>\n\t\t<\/section>\n\t\t\t\t\t\t\t\t\t<\/div>\n\t\t\t<\/div>\n\t\t\t\t\t<\/div>\n\t\t","protected":false},"excerpt":{"rendered":"<p>Olvasson a legaktu\u00e1lisabb \u00fczleti trendekr\u0151l, v\u00e1llalat- \u00e9s vezet\u0151fejleszt\u00e9si m\u00f3dszerekr\u0151l.\u00a0<\/p>\n","protected":false},"author":1,"featured_media":0,"parent":0,"menu_order":0,"comment_status":"closed","ping_status":"closed","template":"","meta":{"footnotes":""},"class_list":["post-21","page","type-page","status-publish","hentry"],"_links":{"self":[{"href":"https:\/\/eszlari.hu\/new\/wp-json\/wp\/v2\/pages\/21","targetHints":{"allow":["GET"]}}],"collection":[{"href":"https:\/\/eszlari.hu\/new\/wp-json\/wp\/v2\/pages"}],"about":[{"href":"https:\/\/eszlari.hu\/new\/wp-json\/wp\/v2\/types\/page"}],"author":[{"embeddable":true,"href":"https:\/\/eszlari.hu\/new\/wp-json\/wp\/v2\/users\/1"}],"replies":[{"embeddable":true,"href":"https:\/\/eszlari.hu\/new\/wp-json\/wp\/v2\/comments?post=21"}],"version-history":[{"count":95,"href":"https:\/\/eszlari.hu\/new\/wp-json\/wp\/v2\/pages\/21\/revisions"}],"predecessor-version":[{"id":1700,"href":"https:\/\/eszlari.hu\/new\/wp-json\/wp\/v2\/pages\/21\/revisions\/1700"}],"wp:attachment":[{"href":"https:\/\/eszlari.hu\/new\/wp-json\/wp\/v2\/media?parent=21"}],"curies":[{"name":"wp","href":"https:\/\/api.w.org\/{rel}","templated":true}]}}